{"id":47,"date":"2015-08-25T16:45:13","date_gmt":"2015-08-25T13:45:13","guid":{"rendered":"http:\/\/rsk.skgvh.ru\/?page_id=47"},"modified":"2026-03-26T16:56:35","modified_gmt":"2026-03-26T13:56:35","slug":"members","status":"publish","type":"page","link":"http:\/\/www.debrisflow.ru\/en\/members\/","title":{"rendered":"List of members of the Debris Flow Association"},"content":{"rendered":"\n<p><strong>List of members of the Debris Flow Association<\/strong> <strong>(updated 26.03.2026)<\/strong><\/p>\n\n\n\n<p><strong>A. Individual members<\/strong><\/p>\n\n\n\n<figure class=\"wp-block-table\"><table class=\"has-fixed-layout\"><tbody><tr><td>1<\/td><td>Abdullayeva, Assel<\/td><td>Almaty,&nbsp;Kazakhstan<\/td><\/tr><tr><td>2<\/td><td>Abramov, Sergey<\/td><td>Sochi, Russia<\/td><\/tr><tr><td>3<\/td><td>Adzhiev, Anatoly<\/td><td>Nalchik, Russia<\/td><\/tr><tr><td>4<\/td><td>Ahmad, Waqar<\/td><td>Peshawar, Pakistan<\/td><\/tr><tr><td>5<\/td><td>Ajin, Rajendran Shobha<\/td><td>Thiruvananthapuram, India<\/td><\/tr><tr><td>6<\/td><td>Amshokov,&nbsp; Batyr<\/td><td>Nalchik, Russia<\/td><\/tr><tr><td>7<\/td><td>Anakhaev, Koshkinbay<\/td><td>Nalchik, Russia<\/td><\/tr><tr><td>8<\/td><td>Anokhin, Aleksandr<\/td><td>Novocherkassk, Russia<\/td><\/tr><tr><td>9<\/td><td>Antonelli, Tiago<\/td><td>S\u00e3o Paulo, Brazil<\/td><\/tr><tr><td>10<\/td><td>Aristov, Konstantin<\/td><td>Moscow, Russia<\/td><\/tr><tr><td>11<\/td><td>Asanov, Magomet<\/td><td>Nalchik, Russia<\/td><\/tr><tr><td>12<\/td><td>Asatrian, Raphael<\/td><td>Yerevan, Armenia<\/td><\/tr><tr><td>13<\/td><td>Bagov, Marat<\/td><td>Nalchik, Russia<\/td><\/tr><tr><td>14<\/td><td>Baranovskiy, Aleksandr<\/td><td>Nalchik, Russia<\/td><\/tr><tr><td>15<\/td><td>Barinov, Aleksandr<\/td><td>Moscow, Russia<\/td><\/tr><tr><td>16<\/td><td>Barrantes, Huaman&nbsp;Roxana Lizeth<\/td><td>Lima, Peru<\/td><\/tr><tr><td>17<\/td><td>Blagoveshchensky, Victor<\/td><td>Almaty, Kazakhstan<\/td><\/tr><tr><td>18<\/td><td>Bobrova, Daria<\/td><td>Yuzhno-Sakhalinsk, Russia<\/td><\/tr><tr><td>19<\/td><td>Bogachenko,&nbsp;Yevgeny<\/td><td>Nalchik, Russia<\/td><\/tr><tr><td>20<\/td><td>Bogdanov,&nbsp;Ivan<\/td><td>Saint-Petersburg, Russia<\/td><\/tr><tr><td>21<\/td><td>Bondyrev, Igor<\/td><td>Tbilisi, Georgia<\/td><\/tr><tr><td>22<\/td><td>Boynagrian, Vladimir<\/td><td>Yerevan, Armenia<\/td><\/tr><tr><td>23<\/td><td>Bozhinsky, Aleksandr<\/td><td>Moscow, Russia<\/td><\/tr><tr><td>24<\/td><td>Braun, Martin<\/td><td>Vienna, Austria<\/td><\/tr><tr><td>25<\/td><td>Breien, Hedda<\/td><td>Oslo, Norway<\/td><\/tr><tr><td>26<\/td><td>Budarina,&nbsp;Olga<\/td><td>Moscow, Russia<\/td><\/tr><tr><td>27<\/td><td>Bukhurova,&nbsp;Mareta<\/td><td>Nalchik, Russia<\/td><\/tr><tr><td>28<\/td><td>Cepeda, Jos\u00e9<\/td><td>Oslo, Norway<\/td><\/tr><tr><td>29<\/td><td>Chen, Long<\/td><td>Chengdu, China<\/td><\/tr><tr><td>30<\/td><td>Chernomorets, Sergey<\/td><td>Moscow, Russia<\/td><\/tr><tr><td>31<\/td><td>Chernous, Pavel<\/td><td>Leningrad region, Russia<\/td><\/tr><tr><td>32<\/td><td>Chetyrbotskiy, Aleksandr<\/td><td>Vladivostok, Russia<\/td><\/tr><tr><td>33<\/td><td>Chou, Hsien-Ter&nbsp;<\/td><td>Taoyuan, Taiwan<\/td><\/tr><tr><td>34<\/td><td>D\u2019Agostino, Vincenzo<\/td><td>Padova, Italy<\/td><\/tr><tr><td>35<\/td><td>Desinov,&nbsp;Lev<\/td><td>Moscow, Russia<\/td><\/tr><tr><td>36<\/td><td>Devoli, Graziella<\/td><td>Oslo, Norway<\/td><\/tr><tr><td>37<\/td><td>Diakonidze,&nbsp;Robert<\/td><td>Tbilisi, Georgia<\/td><\/tr><tr><td>38<\/td><td>Dokukin,&nbsp; Mikhail<\/td><td>Nalchik, Russia<\/td><\/tr><tr><td>39<\/td><td>Dolgov, Maxim<\/td><td>Pyatigorsk, Russia<\/td><\/tr><tr><td>40<\/td><td>Dosmagambetov, Zhosulan<\/td><td>Astana, Kazakhstan<\/td><\/tr><tr><td>41<\/td><td>Drobyshev,&nbsp;Valery<\/td><td>Vladikavkaz, Russia<\/td><\/tr><tr><td>42<\/td><td>Eginov Aiaal<\/td><td>Almaty,&nbsp;Kazakhstan<\/td><\/tr><tr><td>43<\/td><td>Evans, Stephen George<\/td><td>Waterloo, Canada<\/td><\/tr><tr><td>44<\/td><td>Fazylov,&nbsp; Ali<\/td><td>Dushanbe, Tajikistan<\/td><\/tr><tr><td>45<\/td><td>Fidel Smoll, Lionel<\/td><td>Lima, Peru<\/td><\/tr><tr><td>46<\/td><td>Fiebiger, Gernot<\/td><td>Salzburg, Austria<\/td><\/tr><tr><td>47<\/td><td>Fiorillo, Francesco<\/td><td>Benevento, Italy<\/td><\/tr><tr><td>48<\/td><td>Fuchs, Sven<\/td><td>Vienna, Austria<\/td><\/tr><tr><td>49<\/td><td>Galushkin,&nbsp;Igor<\/td><td>Vladikavkaz, Russia<\/td><\/tr><tr><td>50<\/td><td>Garsia, Rinaldo<\/td><td>Holliwood, U.S.A.<\/td><\/tr><tr><td>51<\/td><td>Gavardashvili,&nbsp;Givi<\/td><td>Tbilisi, Georgia<\/td><\/tr><tr><td>52<\/td><td>Gaydarov,&nbsp;Balabek<\/td><td>Makhachkala, Russia<\/td><\/tr><tr><td>53<\/td><td>Gegiev,&nbsp;Kasbolat<\/td><td>Nalchik, Russia<\/td><\/tr><tr><td>54<\/td><td>Gekkieva, Sakinat<\/td><td>Nalchik, Russia<\/td><\/tr><tr><td>55<\/td><td>Gensiorovsky,&nbsp;Yury<\/td><td>Yuzhno-Sakhalinsk, Russia<\/td><\/tr><tr><td>56<\/td><td>Gergokova, Zayna<\/td><td>Nalchik, Russia<\/td><\/tr><tr><td>57<\/td><td>Gromov,&nbsp;Valery<\/td><td>Moscow, Russia<\/td><\/tr><tr><td>58<\/td><td>Guerrero, Carlos<\/td><td>Lima, Peru<\/td><\/tr><tr><td>59<\/td><td>Gyaurgieva (Gedueva), Maryana<\/td><td>Nalchik, Russia<\/td><\/tr><tr><td>60<\/td><td>He, Kuh<\/td><td>Chengdu,&nbsp;China<\/td><\/tr><tr><td>61<\/td><td>Huebl, Johannes<\/td><td>Vienna, Austria<\/td><\/tr><tr><td>62<\/td><td>Isaac, Rajendra Kumar<\/td><td>Prayagraj (Allahabad), India<\/td><\/tr><tr><td>63<\/td><td>Iudina, Viktoria<\/td><td>Moscow, Russia<\/td><\/tr><tr><td>64<\/td><td>Ivashchenko, Yevgeny<\/td><td>Pyatigorsk, Russia<\/td><\/tr><tr><td>65<\/td><td>Jan, Chyan-Deng&nbsp;<\/td><td>Tainan, Taiwan<\/td><\/tr><tr><td>66<\/td><td>Juliev, Mukhiddin<\/td><td>Vienna, Austria<\/td><\/tr><tr><td>67<\/td><td>Kalinin,&nbsp;Ernest<\/td><td>Moscow, Russia<\/td><\/tr><tr><td>68<\/td><td>Kamenev, Nikolay<\/td><td>Pyatigorsk, Russia<\/td><\/tr><tr><td>69<\/td><td>Kamenev, Vladimir<\/td><td>Pyatigorsk, Russia<\/td><\/tr><tr><td>70<\/td><td>Kamzanov, Dinmukhammed<\/td><td>Almaty, Kazakhstan<\/td><\/tr><tr><td>71<\/td><td>Karavaev,&nbsp;Vadim<\/td><td>Moscow, Russia<\/td><\/tr><tr><td>72<\/td><td>Kasenov, Murat<\/td><td>Almaty, Kazakhstan<\/td><\/tr><tr><td>73<\/td><td>Kazakov,&nbsp;Nikolay<\/td><td>Yuzhno-Sakhalinsk, Russia<\/td><\/tr><tr><td>74<\/td><td>Kazakova,&nbsp;Ekaterina<\/td><td>Yuzhno-Sakhalinsk, Russia<\/td><\/tr><tr><td>75<\/td><td>Kerefova, Zalina<\/td><td>Nalchik,&nbsp;Russia<\/td><\/tr><tr><td>76<\/td><td>Kerimov,&nbsp;Abdullah<\/td><td>Nalchik, Russia<\/td><\/tr><tr><td>77<\/td><td>Khadjiev, Mukhtar<\/td><td>Tyrnyauz, Russia<\/td><\/tr><tr><td>78<\/td><td>Kharchenko, Tatiana<\/td><td>Krasnodar, Russia<\/td><\/tr><tr><td>79<\/td><td>Kherkheulidze,&nbsp;Georgy<\/td><td>Tbilisi, Georgia<\/td><\/tr><tr><td>80<\/td><td>Kondratyeva, Nataliya<\/td><td>Nalchik, Russia<\/td><\/tr><tr><td>81<\/td><td>Kononova, Nina<\/td><td>Moscow, Russia<\/td><\/tr><tr><td>82<\/td><td>Konovalov, Vladimir<\/td><td>Moscow, Russia<\/td><\/tr><tr><td>83<\/td><td>Korikov,&nbsp;Konstantin<\/td><td>Pyatigorsk, Russia<\/td><\/tr><tr><td>84<\/td><td>Kortiev, Alan<\/td><td>Vladikavkaz, Russia<\/td><\/tr><tr><td>85<\/td><td>Krasnykh, Natalya<\/td><td>Pyatigorsk, Russia<\/td><\/tr><tr><td>86<\/td><td>Krylenko, Ivan<\/td><td>Moscow, Russia<\/td><\/tr><tr><td>87<\/td><td>Kumari, Anuja<\/td><td>Chandigarh, India<\/td><\/tr><tr><td>88<\/td><td>Kumukova,&nbsp;Olga<\/td><td>Nalchik, Russia<\/td><\/tr><tr><td>89<\/td><td>Kyul, Elena<\/td><td>Nalchik, Russia<\/td><\/tr><tr><td>90<\/td><td>Lecomte, Isabelle<\/td><td>Oslo, Norway<\/td><\/tr><tr><td>91<\/td><td>Lekhatinov, Anatoly<\/td><td>Ulan-Ude, Russia<\/td><\/tr><tr><td>92<\/td><td>Liu, Jiankang<\/td><td>China<\/td><\/tr><tr><td>93<\/td><td>Lobkina, Valentina<\/td><td>Yuzhno-Sakhalinsk, Russia<\/td><\/tr><tr><td>94<\/td><td>Lukashov, Andrey<\/td><td>Moscow, Russia<\/td><\/tr><tr><td>95<\/td><td>Luque Poma, Griselda Ofelia<\/td><td>Lima, Peru<\/td><\/tr><tr><td>96<\/td><td>Lutkov, Dmitry<\/td><td>Krasnodar, Russia<\/td><\/tr><tr><td>97<\/td><td>Makitov, Umar<\/td><td>Nalchik, Russia<\/td><\/tr><tr><td>98<\/td><td>Malneva, Irina<\/td><td>Moscow, Russia<\/td><\/tr><tr><td>99<\/td><td>Marven, Zamira<\/td><td>Almaty, Kazakhstan<\/td><\/tr><tr><td>100<\/td><td>Mashukov, Khasan<\/td><td>Nalchik, Russia<\/td><\/tr><tr><td>101<\/td><td>McDougall, Scott<\/td><td>Vancouver, Canada<\/td><\/tr><tr><td>102<\/td><td>Medina Allcca, Lucio<\/td><td>Lima, Peru<\/td><\/tr><tr><td>103<\/td><td>Mikhailov,&nbsp;Vladimir<\/td><td>Moscow, Russia<\/td><\/tr><tr><td>104<\/td><td>Mordvintsev,&nbsp;Mikhail<\/td><td>Novocherkassk, Russia<\/td><\/tr><tr><td>105<\/td><td>Musakulova, Madina<\/td><td>Villeneuve d\u2019Ascq, France<\/td><\/tr><tr><td>106<\/td><td>Mussina, Ainur<\/td><td>Almaty, Kazakhstan<\/td><\/tr><tr><td>107<\/td><td>Muzychenko, Leonid<\/td><td>Yuzhno-Sakhalinsk,&nbsp;Russia<\/td><\/tr><tr><td>108<\/td><td>Nabiev, Gasan<\/td><td>Baku, Azerbaijan<\/td><\/tr><tr><td>109<\/td><td>Natishvili, Otar<\/td><td>Tbilisi, Georgia<\/td><\/tr><tr><td>110<\/td><td>Nazarenko, Olesya<\/td><td>Rostov-on-Don, Russia<\/td><\/tr><tr><td>111<\/td><td>Nedugov, Aleksandr<\/td><td>Nalchik, Russia<\/td><\/tr><tr><td>112<\/td><td>Nikiforova, Lidiya<\/td><td>Almaty, Kazakhstan<\/td><\/tr><tr><td>113<\/td><td>Nikitina, Daria<\/td><td>West Chester, U.S.A.<\/td><\/tr><tr><td>114<\/td><td>Nikolaychuk, Aleksandr<\/td><td>Krasnodar, Russia<\/td><\/tr><tr><td>115<\/td><td>Nikulin, Anatoly<\/td><td>Pyatigorsk, Russia<\/td><\/tr><tr><td>116<\/td><td>Niyazov, Jafar<\/td><td>Dushanbe, Tajikistan<\/td><\/tr><tr><td>117<\/td><td>Nugraha, Henky<\/td><td>Yogyakarta, Indonesia<\/td><\/tr><tr><td>118<\/td><td>N\u00fa\u00f1ez Hu\u00e1rez, Segundo Alfonso<\/td><td>Lima, Peru<\/td><\/tr><tr><td>119<\/td><td>O\u2019Brien, Jimmy<\/td><td>Nuitrioso, U.S.A.<\/td><\/tr><tr><td>120<\/td><td>Oliferov, Avgust<\/td><td>Simferopol, Russia<\/td><\/tr><tr><td>121<\/td><td>Pari Pinto, Teofilo Walter<\/td><td>Lima, Peru<\/td><\/tr><tr><td>122<\/td><td>Pavlova, Irina<\/td><td>Paris, France \/ Moscow, Russia<\/td><\/tr><tr><td>123<\/td><td>Perov, Veniamin<\/td><td>Moscow, Russia<\/td><\/tr><tr><td>124<\/td><td>Petrakov, Dmitry<\/td><td>Moscow, Russia<\/td><\/tr><tr><td>125<\/td><td>Petrov, Maxim<\/td><td>Tashkent, Uzbekistan<\/td><\/tr><tr><td>126<\/td><td>Petrushina, Marina<\/td><td>Moscow, Russia<\/td><\/tr><tr><td>127<\/td><td>Piton, Guillaume<\/td><td>Saint-Martin-d\u2019H\u00e8res, France<\/td><\/tr><tr><td>128<\/td><td>Polkvoy, Aleksandr<\/td><td>Vladikavkaz, Russia<\/td><\/tr><tr><td>129<\/td><td>Ponomarev, Ilya<\/td><td>Obertrum, Austria<\/td><\/tr><tr><td>130<\/td><td>Postoev, German<\/td><td>Moscow, Russia<\/td><\/tr><tr><td>131<\/td><td>Poznanin, Valentin<\/td><td>Moscow, Russia<\/td><\/tr><tr><td>132<\/td><td>Pryakhina, Galina<\/td><td>Saint-Petersburg, Russia<\/td><\/tr><tr><td>133<\/td><td>Quisca, Samuel<\/td><td>Lima, Peru<\/td><\/tr><tr><td>134<\/td><td>Raymbekova, Zhanar<\/td><td>Almaty, Kazakhstan<\/td><\/tr><tr><td>135<\/td><td>Rom\u00e1n L\u00e8vano, Antonio<\/td><td>Lima, Peru<\/td><\/tr><tr><td>136<\/td><td>Rudoy, Alexey<\/td><td>Tomsk, Russia<\/td><\/tr><tr><td>137<\/td><td>Rybalchenko, Svetlana<\/td><td>Yuzhno-Sakhalinsk, Russia<\/td><\/tr><tr><td>138<\/td><td>Rybchenko, Artyom<\/td><td>Irkutsk, Russia<\/td><\/tr><tr><td>139<\/td><td>Sakyev, Daurbek<\/td><td>Bishkek, Kyrgyzstan<\/td><\/tr><tr><td>140<\/td><td>Santillan Portilla, Nelson<\/td><td>Lima, Peru<\/td><\/tr><tr><td>141<\/td><td>Santos Alonso, Ruben<\/td><td>Mieres, Spain<\/td><\/tr><tr><td>142<\/td><td>Sarkisov, Yury<\/td><td>Moscow, Russia<\/td><\/tr><tr><td>143<\/td><td>Satyawali, Pramod Kumar<\/td><td>Chandigarkh, India<\/td><\/tr><tr><td>144<\/td><td>Savernyuk, Elena<\/td><td>Moscow, Russia<\/td><\/tr><tr><td>145<\/td><td>Schneider, Jean Friedrich<\/td><td>Vienna, Austria<\/td><\/tr><tr><td>146<\/td><td>Seynova, Irina<\/td><td>Nalchik, Russia<\/td><\/tr><tr><td>147<\/td><td>Shagin, Sergey<\/td><td>Nalchik, Russia<\/td><\/tr><tr><td>148<\/td><td>Sherkhov, Andzor<\/td><td>Nalchik, Russia<\/td><\/tr><tr><td>149<\/td><td>Shnyparkov, Aleksandr<\/td><td>Moscow, Russia<\/td><\/tr><tr><td>150<\/td><td>Sidorova, Tatiana<\/td><td>Sunnivale, U.S.A.<\/td><\/tr><tr><td>151<\/td><td>Smirnov, Vladimir<\/td><td>Vishennoye, Russia<\/td><\/tr><tr><td>152<\/td><td>Sokolov, Igor<\/td><td>Moscow, Russia<\/td><\/tr><tr><td>153<\/td><td>Stepanov, Boris<\/td><td>Almaty, Kazakhstan<\/td><\/tr><tr><td>154<\/td><td>Stoffel, Markus<\/td><td>Bern, Switzerland<\/td><\/tr><tr><td>155<\/td><td>Strom, Alexandr<\/td><td>Moscow, Russia<\/td><\/tr><tr><td>156<\/td><td>Suwa, Hiroshi<\/td><td>Kyoto, Japan<\/td><\/tr><tr><td>157<\/td><td>Talanov,&nbsp; Yevgeny<\/td><td>Almaty, Kazakhstan<\/td><\/tr><tr><td>158<\/td><td>Tapaskhanov,&nbsp; Valery<\/td><td>Nalchik, Russia<\/td><\/tr><tr><td>159<\/td><td>Tarikhazer, Stara<\/td><td>Baku, Azerbaijan<\/td><\/tr><tr><td>160<\/td><td>Ter-Minasyan, Razmik<\/td><td>Yerevan, Armenia<\/td><\/tr><tr><td>161<\/td><td>Torosyan, Zurab<\/td><td>Yerevan, Armenia<\/td><\/tr><tr><td>162<\/td><td>Tsereteli, Emil<\/td><td>Tbilisi, Georgia<\/td><\/tr><tr><td>163<\/td><td>Tukeev, Oleg<\/td><td>Moscow, Russia<\/td><\/tr><tr><td>164<\/td><td>Tutubalina, Olga<\/td><td>Moscow, Russia<\/td><\/tr><tr><td>165<\/td><td>Utkin, Oleg<\/td><td>Pyatigorsk, Russia<\/td><\/tr><tr><td>166<\/td><td>Valderrama Murillo, Patricio<\/td><td>Lima, Peru<\/td><\/tr><tr><td>167<\/td><td>Vaskov,&nbsp;Igor<\/td><td>Vladikavkaz, Russia<\/td><\/tr><tr><td>168<\/td><td>Vasquez Oliva, Ronald Leonardo<\/td><td>Lima, Peru<\/td><\/tr><tr><td>169<\/td><td>Vilchez Mata, Manuel Solomon<\/td><td>Lima, Peru<\/td><\/tr><tr><td>170<\/td><td>Villacovta Chambi, Sandra Paula<\/td><td>Lima, Peru<\/td><\/tr><tr><td>171<\/td><td>Vinogradov, Alexey<\/td><td>Saint-Petersburg, Russia<\/td><\/tr><tr><td>172<\/td><td>Vinogradov\u0430, Tatiana<\/td><td>Saint-Petersburg, Russia<\/td><\/tr><tr><td>173<\/td><td>Viskhadzhieva, Karina<\/td><td>Moscow, Russia<\/td><\/tr><tr><td>174<\/td><td>Vlasov,&nbsp;Andrey<\/td><td>Moscow, Russia<\/td><\/tr><tr><td>175<\/td><td>Volosukhin,&nbsp;Viktor<\/td><td>Novocherkassk, Russia<\/td><\/tr><tr><td>176<\/td><td>Vorokov,&nbsp;Vladimir<\/td><td>Nalchik, Russia<\/td><\/tr><tr><td>177<\/td><td>Wacano, Dhandhun<\/td><td>Yogyakarta, Indonesia<\/td><\/tr><tr><td>178<\/td><td>Wartmann, Stephan<\/td><td>Romanshorn, Switzerland<\/td><\/tr><tr><td>179<\/td><td>Wei, Fangqiang<\/td><td>Chengdu, China<\/td><\/tr><tr><td>180<\/td><td>Wibowo, Sandy Budi<\/td><td>Yogyakarta, Indonesia<\/td><\/tr><tr><td>181<\/td><td>Yablokov, Aleksandr<\/td><td>Dushanbe, Tajikistan<\/td><\/tr><tr><td>182<\/td><td>Yafyazova,&nbsp;Roza<\/td><td>Almaty, Kazakhstan<\/td><\/tr><tr><td>183<\/td><td>Yang, Shun<\/td><td>Chengdu, China<\/td><\/tr><tr><td>184<\/td><td>Yefremov, Yury<\/td><td>Krasnodar, Russia<\/td><\/tr><tr><td>185<\/td><td>Yerokhin,&nbsp;Sergey<\/td><td>Bishkek, Kyrgyzstan<\/td><\/tr><tr><td>186<\/td><td>Yune, Chan-Young<\/td><td>Gangneung, Republic of Korea<\/td><\/tr><tr><td>187<\/td><td>Zaginaev, Vitaly<\/td><td>Bishkek, Kyrgyzstan<\/td><\/tr><tr><td>188<\/td><td>Zalikhanov, Mikhail<\/td><td>Moscow, Russia<\/td><\/tr><tr><td>189<\/td><td>Zapata Luyo, Marco<\/td><td>Lima, Peru<\/td><\/tr><tr><td>190<\/td><td>Zaporozhchenko,&nbsp;Eduard<\/td><td>Pyatigorsk, Russia<\/td><\/tr><tr><td>191<\/td><td>Zavala Carrion, Bilberto<\/td><td>Lima, Peru<\/td><\/tr><tr><td>192<\/td><td>Zemtsev,&nbsp;Vladimir<\/td><td>Pyatigorsk, Russia<\/td><\/tr><tr><td>193<\/td><td>Zhang, Jiajia<\/td><td>Chengdu, China<\/td><\/tr><tr><td>194<\/td><td>Zhukov, Anzor&nbsp;<\/td><td>Nalchik, Russia<\/td><\/tr><tr><td>195<\/td><td>Zimnitsky,&nbsp;Andrey<\/td><td>Krasnodar, Russia<\/td><\/tr><tr><td>196<\/td><td>Znamensky, Dimitry<\/td><td>Brasilia, Brazil<\/td><\/tr><\/tbody><\/table><\/figure>\n\n\n\n<p><strong style=\"font-size: inherit;\">B. Organizations<\/strong><\/p>\n\n\n\n<figure class=\"wp-block-table\"><table><tbody><tr><td>1<\/td><td>&#8220;Maccaferri CIS&#8221; Ltd.<\/td><td>Moscow, Russia<\/td><\/tr><tr><td>2<\/td><td>Al-Farabi Kazakh National University<\/td><td>Almaty, Kazakhstan<\/td><\/tr><tr><td>3<\/td><td>Sakhalin Department of Far East Geological Institute of Far Eastern Branch of Russian Academy of Sciences<\/td><td>Yuzhno-Sakhalinsk, Russia<\/td><\/tr><tr><td>4<\/td><td>&#8220;Ecostroyservis&#8221;&nbsp;Ltd.<\/td><td>Moscow, Russia<\/td><\/tr><tr><td>5<\/td><td>SPA &#8220;Hydrotechproect&#8221;<\/td><td>Sankt-Petersburg, Russia<\/td><\/tr><tr><td>6<\/td><td>International Centre for Geohazards \u2013 ICG<\/td><td>Oslo, Norway<\/td><\/tr><\/tbody><\/table><\/figure>\n","protected":false},"excerpt":{"rendered":"<p>List of members of the Debris Flow Association (updated 26.03.2026) A. Individual members 1 Abdullayeva, Assel Almaty,&nbsp;Kazakhstan 2 Abramov, Sergey Sochi, Russia 3 Adzhiev, Anatoly Nalchik, Russia 4 Ahmad, Waqar Peshawar, Pakistan 5 Ajin, Rajendran Shobha Thiruvananthapuram, India 6 Amshokov,&nbsp; Batyr Nalchik, Russia 7 Anakhaev, Koshkinbay Nalchik, Russia 8 Anokhin, Aleksandr Novocherkassk, Russia 9 Antonelli, [&hellip;]<\/p>\n","protected":false},"author":1,"featured_media":0,"parent":0,"menu_order":0,"comment_status":"closed","ping_status":"closed","template":"","meta":{"footnotes":""},"class_list":["post-47","page","type-page","status-publish","hentry"],"aioseo_notices":[],"jetpack_sharing_enabled":true,"_links":{"self":[{"href":"http:\/\/www.debrisflow.ru\/en\/wp-json\/wp\/v2\/pages\/47","targetHints":{"allow":["GET"]}}],"collection":[{"href":"http:\/\/www.debrisflow.ru\/en\/wp-json\/wp\/v2\/pages"}],"about":[{"href":"http:\/\/www.debrisflow.ru\/en\/wp-json\/wp\/v2\/types\/page"}],"author":[{"embeddable":true,"href":"http:\/\/www.debrisflow.ru\/en\/wp-json\/wp\/v2\/users\/1"}],"replies":[{"embeddable":true,"href":"http:\/\/www.debrisflow.ru\/en\/wp-json\/wp\/v2\/comments?post=47"}],"version-history":[{"count":193,"href":"http:\/\/www.debrisflow.ru\/en\/wp-json\/wp\/v2\/pages\/47\/revisions"}],"predecessor-version":[{"id":4991,"href":"http:\/\/www.debrisflow.ru\/en\/wp-json\/wp\/v2\/pages\/47\/revisions\/4991"}],"wp:attachment":[{"href":"http:\/\/www.debrisflow.ru\/en\/wp-json\/wp\/v2\/media?parent=47"}],"curies":[{"name":"wp","href":"https:\/\/api.w.org\/{rel}","templated":true}]}}